{"id":3906,"date":"2022-11-30T15:31:55","date_gmt":"2022-11-30T15:31:55","guid":{"rendered":"https:\/\/www.nelsonquintas.pt\/privacy-policy\/"},"modified":"2022-12-05T18:26:57","modified_gmt":"2022-12-05T18:26:57","slug":"privacy-policy","status":"publish","type":"page","link":"https:\/\/www.nelsonquintas.pt\/en\/privacy-policy\/","title":{"rendered":"Privacy Policy"},"content":{"rendered":"<p>[vc_row][vc_column]<div class=\"gt-page-heading gt-dark gt-center\"><h1>Privacy Policy<\/h1><\/div>[vc_empty_space height=&#8221;45px&#8221;][\/vc_column][\/vc_row][vc_row equal_height=&#8221;yes&#8221; content_placement=&#8221;middle&#8221;][vc_column][vc_column_text]Before you browse our site, please read our Privacy and Cookie Policy.<\/p>\n<p>The Privacy and Cookies Policy is designed to clearly explain how we collect, use, share and protect the personal data of our customers when they use our services or visit our website.<\/p>\n<p>As part of our business, we need to collect some personal data from our customers, however, we respect the right to privacy and do not collect any personal information without their prior consent.<\/p>\n<h5><strong>Dados Pessoais<\/strong><\/h5>\n<p>Trata-se de qualquer informa\u00e7\u00e3o, de qualquer natureza e independentemente do respetivo suporte, relativa a uma pessoa singular, direta ou indiretamente, identificada ou identific\u00e1vel (titular dos dados). Por exemplo, o nome, um n\u00famero de identifica\u00e7\u00e3o, dados de localiza\u00e7\u00e3o, contactos, at\u00e9 elementos da sua identidade f\u00edsica, econ\u00f3mica ou social.<\/p>\n<p>Os dados pessoais recolhidos limitam-se aos estritamente necess\u00e1rios \u00e0 finalidade do tratamento, nomeadamente, o nome, a morada, n\u00famero de contribuinte, n\u00famero de telefone ou correio eletr\u00f3nico, mas poder\u00e3o ser recolhidos outros dados necess\u00e1rios ao fornecimento de produtos ou servi\u00e7os.<\/p>\n<h5><strong>Centro de Informa\u00e7\u00e3o de Consumo e Arbitragem do Porto<\/strong><\/h5>\n<p>RESOLU\u00c7\u00c3O EXTRAJUDICIAL DE LIT\u00cdGIOS Para efeitos do disposto na Lei n\u00ba 144\/2015, informa-se que, em caso de lit\u00edgio, o consumidor das nossas marcas e produtos pode recorrer a uma Entidade de Resolu\u00e7\u00e3o Alternativa de Lit\u00edgios de consumo: Centro de Informa\u00e7\u00e3o de Consumo e Arbitragem do Porto, sediado na Rua Dami\u00e3o de G\u00f3is, 31 \u2013 Loja 6 \u2013 4050-225 Porto, com o seguinte email: cicap@mail.telepac.pt. Mais informa\u00e7\u00f5es em Portal do Consumidor www.consumidor.pt.<\/p>\n<h5><strong>Responsabilidade da recolha e tratamento de Dados Pessoais<\/strong><\/h5>\n<p>Os seus dados ser\u00e3o recolhidos e tratados pela Nelson Quintas Imobiliaria SA &#8211; 501488855, com sede na Rua do Campo Alegre, 830 &#8211; 9\u00ba Andar, 4150-171 Porto.<\/p>\n<p>\u00c9 esta a sociedade respons\u00e1vel pelo tratamento de dados pessoais na ace\u00e7\u00e3o do Regulamento (EU) 2016\/679 do Parlamento Europeu e do Conselho de 27 de Abril de 2016 e restante legisla\u00e7\u00e3o nacional aplic\u00e1vel em mat\u00e9ria de privacidade e prote\u00e7\u00e3o de dados.<\/p>\n<p>Se tiver qualquer quest\u00e3o ou d\u00favida relacionadas com o tratamento dos seus dados pessoais poder\u00e1 contactar-nos atrav\u00e9s dos seguintes meios:<br \/>\nTelefone: 226 079 280<br \/>\nCarta registada: Grupo Nelson Quintas \u2013 RGPD<br \/>\nRua do Campo Alegre, 830 &#8211; 9\u00ba Andar, 4150-171 Porto<br \/>\nEmail: geral@nelsonquintas.pt<\/p>\n<h5><strong>Prazo de conserva\u00e7\u00e3o dos Dados Pessoais<\/strong><\/h5>\n<p>O tratamento dos dados pelo Grupo Nelson Quintas manter-se-\u00e1 enquanto esta estiver a laborar ou o mesmo for necess\u00e1rio para a rela\u00e7\u00e3o comercial estabelecida com os seus clientes.<\/p>\n<h5><strong>Seguran\u00e7a dos Dados Pessoais<\/strong><\/h5>\n<p>Foram adotadas medidas de seguran\u00e7a de car\u00e1cter t\u00e9cnico e organizativo, para preservar a confidencialidade e seguran\u00e7a dos dados pessoais recolhidos e tratados de modo a impedir a sua perda, difus\u00e3o, altera\u00e7\u00e3o, tratamento ou acesso indevidos ou n\u00e3o autorizados.<\/p>\n<h5><strong>Processamento e altera\u00e7\u00e3o dos Dados Pessoais<\/strong><\/h5>\n<p>Ao disponibilizar-nos os seus dados pessoais, o cliente reconhece e consente que os mesmos sejam processados de acordo com a presente Pol\u00edtica de Privacidade e Cookies, pelo que deve ler a mesma e contactar-nos caso tenha alguma d\u00favida.<\/p>\n<p>Informamos que, sempre que seja necess\u00e1rio, alteraremos a presente Pol\u00edtica de Privacidade e Cookies sem necessidade de qualquer autoriza\u00e7\u00e3o pr\u00e9via.<\/p>\n<p>Enquanto titular de dados pessoais tem:<br \/>\n&#8211;\u00a0Direito de Informa\u00e7\u00e3o, que consiste no direito de serem informados sobre a finalidade do tratamento dos dados, a quem podem os mesmos ser comunicados, quais os direitos que lhes assistem e em que condi\u00e7\u00f5es os podem exercer, bem como quais os dados que t\u00eam de fornecer obrigatoriamente;<\/p>\n<p>&#8211; Direito de Acesso, que se traduz no direito de acederem aos respetivos dados pessoais que tenham por ele sido fornecidos, sem restri\u00e7\u00f5es, sem demoras ou custos excessivos, bem como saber quaisquer informa\u00e7\u00f5es dispon\u00edveis sobre a origem desses dados;<\/p>\n<p>&#8211; Direito de Retifica\u00e7\u00e3o, que consiste no direito de exigirem que os seus dados sejam exatos e atuais, podendo solicitar a sua retifica\u00e7\u00e3o junto do Grupo Nelson Quintas;<\/p>\n<p>&#8211; Direito de Elimina\u00e7\u00e3o (ou ao \u201cesquecimento\u201d), que \u00e9 o direito de exigirem a elimina\u00e7\u00e3o dos seus dados pessoais dos registos do Grupo Nelson Quintas quando os mesmos deixem de ser utilizados para as finalidades para que foram recolhidos, sem preju\u00edzo, contudo, dos prazos de reten\u00e7\u00e3o que por lei se imponham;<\/p>\n<p>&#8211; Direito de Oposi\u00e7\u00e3o, que consiste no direito de se oporem, a seu pedido e gratuitamente, ao tratamento dos seus dados pessoais para efeitos de marketing direto;<\/p>\n<p>&#8211; Direito \u00e0 Portabilidade, que se traduz no direito de receberem os dados pessoais que tenham fornecido ao Grupo Nelson Quintas, num formato estruturado, de uso corrente e de leitura autom\u00e1tica, e transmitir esses dados a outro respons\u00e1vel pelo tratamento.<\/p>\n<p>&#8211; Direito \u00e0 Limita\u00e7\u00e3o do Tratamento, que permite que em determinadas circunst\u00e2ncias, solicitem a limita\u00e7\u00e3o do tratamento dos seus dados, nomeadamente (i) quando contestem a exatid\u00e3o dos seus dados pessoais, durante um per\u00edodo que permita ao Grupo Nelson Quintas verificar a sua exatid\u00e3o; (ii) se tratamento for il\u00edcito e o Cliente se opuser ao apagamento dos dados, solicitando, em contrapartida, a limita\u00e7\u00e3o da sua utiliza\u00e7\u00e3o; ou (iii) quando o Grupo Nelson Quintas j\u00e1 n\u00e3o precise dos dados pessoais do Cliente para fins de tratamento, mas esses dados sejam requeridos pelo Cliente para efeitos de declara\u00e7\u00e3o, exerc\u00edcio ou defesa de um direito num processo judicial;<\/p>\n<p>&#8211; Direito \u00e0 Reclama\u00e7\u00e3o, junto da CNPD, que consiste no direito de apresentar, sem preju\u00edzo de qualquer outra via de recurso administrativo ou judicial, uma reclama\u00e7\u00e3o a uma autoridade de controlo, em especial no Estado-Membro da sua resid\u00eancia habitual, do seu local de trabalho ou do local onde foi alegadamente praticada a infra\u00e7\u00e3o, se o titular dos dados considerar que o tratamento dos dados pessoais que lhe diga respeito viola o Geral de Prote\u00e7\u00e3o de Dados (Regulamento (UE) 2016\/679) e demais legisla\u00e7\u00e3o nacional aplic\u00e1vel. Em Portugal a autoridade de controlo \u00e9 a Comiss\u00e3o Nacional de Prote\u00e7\u00e3o de Dados.<\/p>\n<p>Junto do Grupo Nelson Quintas para o exerc\u00edcio de qualquer dos seus direitos, os Clientes poder\u00e3o utilizar os seguintes meios:<br \/>\nTelefone: 226 079 280<br \/>\nCarta registada: Grupo Nelson Quintas \u2013 RGPD<br \/>\nRua do Campo Alegre, 830 &#8211; 9\u00ba Andar, 4150-171 Porto<br \/>\nEmail: geral@nelsonquintas.pt<\/p>\n<h5><strong>Politica de Cookies<\/strong><\/h5>\n<p>A recolha de dados do seu computador por interm\u00e9dio de pequenos ficheiros vulgarmente conhecidos como cookies, servem para:<br \/>\n&#8211;\u00a0melhorar a performance da navega\u00e7\u00e3o no nosso site \u2013 ou seja utilizamos esta informa\u00e7\u00e3o para melhorar a nossa presta\u00e7\u00e3o e, assim, adaptar o conte\u00fado e a apresenta\u00e7\u00e3o do site com base no tipo de programa de navega\u00e7\u00e3o que utiliza ou noutra informa\u00e7\u00e3o enviada pelo programa de navega\u00e7\u00e3o;<br \/>\n&#8211; ou para fins estat\u00edsticos nomeadamente, para saber o n\u00famero de vezes que o nosso site \u00e9 visitado, os links utilizados para o efeito e as prefer\u00eancias dos visitantes;<\/p>\n<p>Podem tamb\u00e9m ser utilizar cookies na abertura das newsletters\/emails, para fins estat\u00edsticos, e que permitem saber se s\u00e3o abertas e verificar os cliques atrav\u00e9s de links ou an\u00fancios dentro da newsletter.<\/p>\n<p>Os dados que recolhemos deste modo permanecem an\u00f3nimos.<\/p>\n<p>N\u00e3o comercializamos os dados pessoais de clientes ou utilizadores.<\/p>\n<p>A presente Pol\u00edtica de Cookies \u00e9 periodicamente revista pelo Grupo Nelson Quintas, pelo que o seu conte\u00fado pode sofrer atualiza\u00e7\u00f5es.<\/p>\n<p>Um cookie \u00e9 um pequeno ficheiro de texto que \u00e9 enviado por um servidor da Internet e que fica guardado no seu computador ou dispositivo m\u00f3vel quando visita websites. Este ficheiro mant\u00e9m um registo do site visitado e recolhe algumas informa\u00e7\u00f5es relativas a esta visita. Deste modo ajudam os websites a armazenar e recuperar informa\u00e7\u00e3o sobre os seus h\u00e1bitos de navega\u00e7\u00e3o por forma a personalizar a navega\u00e7\u00e3o de acordo com as suas prefer\u00eancias\u200b.[\/vc_column_text][\/vc_column][\/vc_row]<\/p>\n","protected":false},"excerpt":{"rendered":"<p>[vc_row][vc_column][vc_empty_space height=&#8221;45px&#8221;][\/vc_column][\/vc_row][vc_row equal_height=&#8221;yes&#8221; content_placement=&#8221;middle&#8221;][vc_column][vc_column_text]Before you browse our site, please read our Privacy and Cookie Policy. The Privacy and Cookies Policy is designed to clearly explain how we collect, use, share&#8230;<\/p>\n","protected":false},"author":1,"featured_media":0,"parent":0,"menu_order":0,"comment_status":"closed","ping_status":"closed","template":"","meta":[],"_links":{"self":[{"href":"https:\/\/www.nelsonquintas.pt\/en\/wp-json\/wp\/v2\/pages\/3906"}],"collection":[{"href":"https:\/\/www.nelsonquintas.pt\/en\/wp-json\/wp\/v2\/pages"}],"about":[{"href":"https:\/\/www.nelsonquintas.pt\/en\/wp-json\/wp\/v2\/types\/page"}],"author":[{"embeddable":true,"href":"https:\/\/www.nelsonquintas.pt\/en\/wp-json\/wp\/v2\/users\/1"}],"replies":[{"embeddable":true,"href":"https:\/\/www.nelsonquintas.pt\/en\/wp-json\/wp\/v2\/comments?post=3906"}],"version-history":[{"count":7,"href":"https:\/\/www.nelsonquintas.pt\/en\/wp-json\/wp\/v2\/pages\/3906\/revisions"}],"predecessor-version":[{"id":4075,"href":"https:\/\/www.nelsonquintas.pt\/en\/wp-json\/wp\/v2\/pages\/3906\/revisions\/4075"}],"wp:attachment":[{"href":"https:\/\/www.nelsonquintas.pt\/en\/wp-json\/wp\/v2\/media?parent=3906"}],"curies":[{"name":"wp","href":"https:\/\/api.w.org\/{rel}","templated":true}]}}